{"id":304,"date":"2025-08-11T18:07:07","date_gmt":"2025-08-11T21:07:07","guid":{"rendered":"https:\/\/mcsambientalesuba.wordpress.com\/?page_id=304"},"modified":"2026-01-07T17:47:04","modified_gmt":"2026-01-07T17:47:04","slug":"autoridades","status":"publish","type":"page","link":"http:\/\/ambientales.at.fcen.uba.ar\/index.php\/institucional\/autoridades\/","title":{"rendered":"Autoridades"},"content":{"rendered":"\n\n\n<div class=\"wp-block-cover is-light has-parallax\"><div class=\"wp-block-cover__image-background wp-image-238 size-large has-parallax\" style=\"background-position:50% 50%;background-image:url(https:\/\/mcsambientalesuba.wordpress.com\/wp-content\/uploads\/2025\/08\/whatsapp-image-2022-12-13-at-11.05.24-1.jpeg?w=1010)\"><\/div><span aria-hidden=\"true\" class=\"wp-block-cover__background has-accent-background-color has-background-dim\"><\/span><div class=\"wp-block-cover__inner-container is-layout-flow wp-block-cover-is-layout-flow\">\n<p class=\"has-text-align-left has-merriweather-font-family has-xx-large-font-size\" style=\"border-style:none;border-width:0px;padding-top:0;padding-right:25%;padding-bottom:0;padding-left:25%\">Autoridades<\/p>\n<\/div><\/div>\n\n\n\n<div class=\"wp-block-columns is-layout-flex wp-container-core-columns-is-layout-c5ed3dcc wp-block-columns-is-layout-flex\" style=\"margin-top:var(--wp--preset--spacing--40);margin-bottom:var(--wp--preset--spacing--20)\">\n<div class=\"wp-block-column is-layout-flow wp-block-column-is-layout-flow\" style=\"flex-basis:25%\"><\/div>\n\n\n\n<div class=\"wp-block-column has-gradient-1-gradient-background has-background is-layout-flow wp-block-column-is-layout-flow\" style=\"border-radius:25px;flex-basis:50%\">\n<h3 class=\"wp-block-heading has-text-align-center has-merriweather-font-family\" style=\"margin-top:var(--wp--preset--spacing--10);margin-bottom:var(--wp--preset--spacing--10)\">Directora<\/h3>\n\n\n\n<div class=\"wp-block-media-text is-stacked-on-mobile\" style=\"margin-top:var(--wp--preset--spacing--10);margin-right:var(--wp--preset--spacing--10);margin-bottom:var(--wp--preset--spacing--10);margin-left:var(--wp--preset--spacing--10);grid-template-columns:30% auto\"><figure class=\"wp-block-media-text__media\"><img loading=\"lazy\" decoding=\"async\" width=\"600\" height=\"600\" src=\"https:\/\/mcsambientalesuba.wordpress.com\/wp-content\/uploads\/2025\/08\/foto_doyle-e1767708284853.jpg\" alt=\"\" class=\"wp-image-375 size-full\" \/><\/figure><div class=\"wp-block-media-text__content\">\n<p class=\"has-merriweather-font-family has-medium-font-size\" style=\"font-style:italic;font-weight:400\"><strong>Dra. Moira Doyle<\/strong><br>Departamento de Ciencias de la Atm\u00f3sfera y los Oc\u00e9anos<\/p>\n\n\n\n<details class=\"wp-block-details has-merriweather-font-family is-layout-flow wp-block-details-is-layout-flow\"><summary>Biograf\u00eda<\/summary>\n<p class=\"has-merriweather-font-family has-text-align-justify\">Moira Doyle es investigadora del CONICET en el Centro de Investigaciones del Mar y la Atm\u00f3sfera y Profesora en el Departamento de Ciencias de la Atm\u00f3sfera y los Oc\u00e9anos y en las Maestr\u00edas de Ciencias Ambientales (FCEN) y en la Maestr\u00eda en Gesti\u00f3n del Agua (FVET) de la UBA. Sus l\u00edneas de investigaci\u00f3n est\u00e1n vinculadas a la variabilidad y cambio clim\u00e1tico sobre distintos aspectos del ciclo del agua: precipitaci\u00f3n, transporte de humedad, caudales y el estudio de eventos extremos de los mismos.<\/p>\n<\/details>\n<\/div><\/div>\n<\/div>\n\n\n\n<div class=\"wp-block-column is-layout-flow wp-block-column-is-layout-flow\" style=\"flex-basis:25%\"><\/div>\n<\/div>\n\n\n\n<div class=\"wp-block-columns is-layout-flex wp-container-core-columns-is-layout-81684059 wp-block-columns-is-layout-flex\" style=\"margin-top:var(--wp--preset--spacing--20);margin-bottom:var(--wp--preset--spacing--40)\">\n<div class=\"wp-block-column is-layout-flow wp-block-column-is-layout-flow\" style=\"flex-basis:25%\"><\/div>\n\n\n\n<div class=\"wp-block-column has-gradient-1-gradient-background has-background is-layout-flow wp-block-column-is-layout-flow\" style=\"border-radius:25px;flex-basis:50%\">\n<h3 class=\"wp-block-heading has-text-align-center has-merriweather-font-family\" style=\"margin-top:var(--wp--preset--spacing--10);margin-bottom:var(--wp--preset--spacing--10)\">Vicedirectora<\/h3>\n\n\n\n<div class=\"wp-block-media-text is-stacked-on-mobile\" style=\"margin-top:var(--wp--preset--spacing--10);margin-right:var(--wp--preset--spacing--10);margin-bottom:var(--wp--preset--spacing--10);margin-left:var(--wp--preset--spacing--10);grid-template-columns:30% auto\"><figure class=\"wp-block-media-text__media\"><img decoding=\"async\" src=\"https:\/\/mcsambientalesuba.wordpress.com\/wp-content\/uploads\/2025\/08\/profile-e1767713200924.jpg?w=1024\" alt=\"\" class=\"wp-image-377 size-full\" \/><\/figure><div class=\"wp-block-media-text__content\">\n<p class=\"has-merriweather-font-family has-medium-font-size\" style=\"font-style:italic;font-weight:400\"><strong>Dra. Marisol Osman<\/strong><br>Departamento de Ciencias de la Atm\u00f3sfera y los Oc\u00e9anos<\/p>\n\n\n\n<details class=\"wp-block-details has-merriweather-font-family is-layout-flow wp-block-details-is-layout-flow\"><summary>Biograf\u00eda<\/summary>\n<p class=\"has-link-color has-text-align-justify wp-elements-735788e6ef959c605999a1490d9a7f1b\">Marisol Osman es investigadora en el Centro de Investigaciones del Mar y la Atm\u00f3sfera y docente en el Departamento de Ciencias de la Atm\u00f3sfera y los Oc\u00e9anos. Su investigaci\u00f3n se enfoca en la variabilidad clim\u00e1tica sobre Sudam\u00e9rica y el desarrollo de herramientas de monitoreo y pron\u00f3stico clim\u00e1tico para su uso en la toma de decisi\u00f3n de diferentes sectores socioecon\u00f3micos.<br><br><a href=\"https:\/\/marisolosman.github.io\/\" target=\"_blank\" rel=\"noreferrer noopener\">P\u00e1gina web<\/a><\/p>\n<\/details>\n<\/div><\/div>\n<\/div>\n\n\n\n<div class=\"wp-block-column is-layout-flow wp-block-column-is-layout-flow\" style=\"flex-basis:25%\"><\/div>\n<\/div>\n\n\n\n<div class=\"wp-block-columns is-layout-flex wp-container-core-columns-is-layout-28f84493 wp-block-columns-is-layout-flex\">\n<div class=\"wp-block-column is-layout-flow wp-block-column-is-layout-flow\" style=\"flex-basis:10%\"><\/div>\n\n\n\n<div class=\"wp-block-column is-layout-flow wp-block-column-is-layout-flow\" style=\"flex-basis:80%\">\n<div class=\"wp-block-columns is-layout-flex wp-container-core-columns-is-layout-28f84493 wp-block-columns-is-layout-flex\">\n<div class=\"wp-block-column is-layout-flow wp-block-column-is-layout-flow\">\n<h3 class=\"wp-block-heading has-text-align-center has-gradient-3-gradient-background has-background has-merriweather-font-family\" style=\"border-radius:25px\"><strong>Consejo Asesor<\/strong><\/h3>\n<\/div>\n<\/div>\n\n\n\n<div class=\"wp-block-columns is-layout-flex wp-container-core-columns-is-layout-28f84493 wp-block-columns-is-layout-flex\">\n<div class=\"wp-block-column is-layout-flow wp-block-column-is-layout-flow\">\n<h4 class=\"wp-block-heading has-text-align-center has-merriweather-font-family\" style=\"padding-top:var(--wp--preset--spacing--10);padding-bottom:var(--wp--preset--spacing--10)\">Ciencias Biol\u00f3gicas<\/h4>\n<\/div>\n\n\n\n<div class=\"wp-block-column is-layout-flow wp-block-column-is-layout-flow\">\n<h4 class=\"wp-block-heading has-text-align-center has-merriweather-font-family\" style=\"padding-top:var(--wp--preset--spacing--10);padding-bottom:var(--wp--preset--spacing--10)\">Ciencias de la Tierra<\/h4>\n<\/div>\n\n\n\n<div class=\"wp-block-column is-layout-flow wp-block-column-is-layout-flow\">\n<h4 class=\"wp-block-heading has-text-align-center has-merriweather-font-family\" style=\"padding-top:var(--wp--preset--spacing--10);padding-bottom:var(--wp--preset--spacing--10)\">Ciencias Qu\u00edmicas<\/h4>\n<\/div>\n<\/div>\n\n\n\n<div class=\"wp-block-columns is-layout-flex wp-container-core-columns-is-layout-28f84493 wp-block-columns-is-layout-flex\">\n<div class=\"wp-block-column has-gradient-1-gradient-background has-background is-layout-flow wp-block-column-is-layout-flow\">\n<figure class=\"wp-block-image aligncenter size-full is-resized\" style=\"margin-top:var(--wp--preset--spacing--10);margin-bottom:0\"><img loading=\"lazy\" decoding=\"async\" width=\"758\" height=\"745\" src=\"https:\/\/mcsambientalesuba.wordpress.com\/wp-content\/uploads\/2025\/08\/alejandrocittadino.jpg\" alt=\"\" class=\"wp-image-637\" style=\"aspect-ratio:3\/4;object-fit:cover;width:200px\" \/><\/figure>\n\n\n\n<p class=\"has-text-align-center has-merriweather-font-family\" style=\"padding-top:0;padding-bottom:0\"><strong>Dr. Alejandro Cittadino<\/strong><br>Departamento de Ecolog\u00eda Gen\u00e9tica y Evoluci\u00f3n<\/p>\n\n\n\n<details class=\"wp-block-details has-merriweather-font-family is-layout-flow wp-block-details-is-layout-flow\"><summary>Biograf\u00eda<\/summary>\n<p class=\"has-merriweather-font-family has-text-align-justify\" style=\"padding-top:0;padding-bottom:0\">Doctor en Ciencias Biol\u00f3gicas de la Universidad de Buenos Aires, \u00e1rea de especializaci\u00f3n Ecolog\u00eda.<br>Profesor Asociado de la Universidad de Buenos Aires en el Departamento de Ecolog\u00eda, Gen\u00e9tica y Evoluci\u00f3n de La Facultad de Ciencias Exactas y Naturales.<br>Director del grupo de Investigaci\u00f3n sobre Basurales a cielo abierto del Centro de Informaci\u00f3n Metropolitana (CIM) de la Facultad de Arquitectura, Dise\u00f1o y Urbanismo de la Universidad de Buenos Aires. Proyecto actual: \u201cBasurales a cielo abierto en la Regi\u00f3n Metropolitana de Buenos Aires (RMBA), estudio territorial, ambiental y social.\u201d<br>Subgerente de Monitoreo y Evaluaciones Ambientales de la Coordinaci\u00f3n Ecol\u00f3gica \u00c1rea Metropolitana Sociedad del Estado (CEAMSE).<\/p>\n<\/details>\n<\/div>\n\n\n\n<div class=\"wp-block-column has-gradient-1-gradient-background has-background is-layout-flow wp-block-column-is-layout-flow\">\n<figure class=\"wp-block-image aligncenter size-full is-resized is-style-default\" style=\"margin-top:var(--wp--preset--spacing--10);margin-bottom:0\"><img loading=\"lazy\" decoding=\"async\" width=\"542\" height=\"640\" src=\"https:\/\/mcsambientalesuba.wordpress.com\/wp-content\/uploads\/2025\/08\/foto-e1767795885944.jpg\" alt=\"\" class=\"wp-image-379\" style=\"aspect-ratio:3\/4;object-fit:cover;width:200px\" \/><\/figure>\n\n\n\n<p class=\"has-text-align-center has-merriweather-font-family\" style=\"padding-top:0;padding-bottom:0\"><strong>Dra. Mar\u00eda Paula Bunicontro<\/strong><br>Departamento de Ciencias Geol\u00f3gicas<\/p>\n\n\n\n<details class=\"wp-block-details has-merriweather-font-family is-layout-flow wp-block-details-is-layout-flow\"><summary>Biograf\u00eda<\/summary>\n<p class=\"has-link-color has-merriweather-font-family has-text-align-justify wp-elements-db1786a6422285b0db9381d71c3d7110\">Lic. y Dra. en Cs Geol\u00f3gicas. Es investigadora asistente de CONICET y docente auxiliar en el \u00e1rea de Geodin\u00e1mica Ex\u00f3gena del Dto. de Cs. Geol\u00f3gicas de la FCEyN de la UBA. Su l\u00ednea de investigaci\u00f3n se orienta al estudio de la geolog\u00eda y geomorfolog\u00eda costera, con especial inter\u00e9s en los procesos f\u00edsicos naturales y en la identificaci\u00f3n de problem\u00e1ticas ambientales tanto de origen natural como antr\u00f3pico, as\u00ed como en los cambios morfodin\u00e1micos asociados. Su prop\u00f3sito es aportar herramientas y estrategias de manejo que resulten de utilidad para la planificaci\u00f3n de los ambientes costeros y sus recursos. Ha participado en distintos proyectos de investigaci\u00f3n y extensi\u00f3n asociados a tem\u00e1ticas costeras en la provincia de Buenos Aires, R\u00edo Negro y Chubut.<br><br><a href=\"https:\/\/www.researchgate.net\/profile\/Maria-Bunicontro\" target=\"_blank\" rel=\"noreferrer noopener\">P\u00e1gina web<\/a><\/p>\n<\/details>\n<\/div>\n\n\n\n<div class=\"wp-block-column has-gradient-1-gradient-background has-background is-layout-flow wp-block-column-is-layout-flow\">\n<figure class=\"wp-block-image aligncenter size-medium is-resized\" style=\"margin-top:var(--wp--preset--spacing--10);margin-bottom:0\"><img loading=\"lazy\" decoding=\"async\" width=\"1571\" height=\"1684\" src=\"https:\/\/mcsambientalesuba.wordpress.com\/wp-content\/uploads\/2025\/08\/foto-1.jpg?w=280\" alt=\"\" class=\"wp-image-381\" style=\"aspect-ratio:3\/4;object-fit:cover;width:200px\" \/><\/figure>\n\n\n\n<p class=\"has-text-align-center has-merriweather-font-family\"><strong>Dra. Mar\u00eda Gabriela Lagorio<\/strong><br>Departamento de Qu\u00edmica Inorg\u00e1nica, Anal\u00edtica y Qu\u00edmica F\u00edsica<\/p>\n\n\n\n<details class=\"wp-block-details has-link-color has-merriweather-font-family wp-elements-0e9108227bdfbdb0ec9a1c9d87d5b4b6 is-layout-flow wp-block-details-is-layout-flow\"><summary>Biograf\u00eda<\/summary>\n<p class=\"has-text-align-justify\">Maria Gabriela Lagorio es doctora en ciencias qu\u00edmicas, investigadora principal del CONICET y profesora adjunta en el Departamento de Qu\u00edmica Inorg\u00e1nica, Anal\u00edtica y Qu\u00edmica F\u00edsica (DQIAQF)\/INQUIMAE de la FCEN, UBA. Fue directora del DQIAQF de 2022 a 2024 y es actualmente Presidenta de la Sociedad Argentina de Ciencia y Tecnolog\u00eda ambiental. Investiga en el \u00e1rea de Fotoqu\u00edmica y Fotobiolog\u00eda con foco en el estudio de la fluorescencia de clorofila y su relaci\u00f3n con la fotos\u00edntesis.<br><br><a href=\"https:\/\/gabrielalagorio.github.io\/\" target=\"_blank\" rel=\"noreferrer noopener\">P\u00e1gina web<\/a><\/p>\n<\/details>\n<\/div>\n<\/div>\n\n\n\n<div class=\"wp-block-columns is-layout-flex wp-container-core-columns-is-layout-28f84493 wp-block-columns-is-layout-flex\">\n<div class=\"wp-block-column has-gradient-1-gradient-background has-background is-layout-flow wp-block-column-is-layout-flow\">\n<figure class=\"wp-block-image aligncenter size-full is-resized\" style=\"margin-top:var(--wp--preset--spacing--10)\"><img loading=\"lazy\" decoding=\"async\" width=\"333\" height=\"333\" src=\"https:\/\/mcsambientalesuba.wordpress.com\/wp-content\/uploads\/2025\/08\/inesofarrell.png\" alt=\"\" class=\"wp-image-639\" style=\"aspect-ratio:3\/4;object-fit:cover;width:200px\" \/><\/figure>\n\n\n\n<p class=\"has-text-align-center has-merriweather-font-family\"><strong>Dra. Ines O\u00b4Farrell<\/strong><br>Departamento de Ecolog\u00eda Gen\u00e9tica y Evoluci\u00f3n<\/p>\n\n\n\n<details class=\"wp-block-details has-merriweather-font-family is-layout-flow wp-block-details-is-layout-flow\"><summary>Biograf\u00eda<\/summary>\n<p class=\"has-text-align-justify\">Investigadora Principal del CONICET en el Instituto de Ecolog\u00eda Gen\u00e9tica y Evoluci\u00f3n de Buenos Aires en la FCEN de la Universidad de Buenos Aires. Me intereso en la ecolog\u00eda de r\u00edos y lagunas, abordando la calidad del agua y la biodiversidad de las comunidades planct\u00f3nicas, enfocada en las floraciones de cianobacterias potencialmente t\u00f3xicas como emergentes del deterioro ambiental en un marco de calentamiento global, eutrofizaci\u00f3n y regulaci\u00f3n de los r\u00edos.<\/p>\n<\/details>\n<\/div>\n\n\n\n<div class=\"wp-block-column has-gradient-1-gradient-background has-background is-layout-flow wp-block-column-is-layout-flow\">\n<figure class=\"wp-block-image aligncenter size-full is-resized\" style=\"margin-top:var(--wp--preset--spacing--10)\"><img decoding=\"async\" src=\"https:\/\/mcsambientalesuba.wordpress.com\/wp-content\/uploads\/2025\/08\/foto_cv.jpg\" alt=\"\" class=\"wp-image-382\" style=\"aspect-ratio:3\/4;object-fit:cover;width:200px;height:auto\" \/><\/figure>\n\n\n\n<p class=\"has-text-align-center has-merriweather-font-family\"><strong>Dr. Diego Moreira<\/strong><br>Departamento de Ciencias de la Atm\u00f3sfera y los Oc\u00e9anos<\/p>\n\n\n\n<details class=\"wp-block-details has-merriweather-font-family is-layout-flow wp-block-details-is-layout-flow\"><summary>Biograf\u00eda<\/summary>\n<p class=\"has-text-align-justify\">Doctor de la Universidad de Buenos Aires en el \u00e1rea de Cs. de la Atm\u00f3sfera y los Oc\u00e9anos.<br>Licenciado en Oceanograf\u00eda, FCEN, UBA.<br>Investigador Adjunto, CONICET.<br>Investigador Categor\u00eda III, Universidad de Buenos Aires.<br>Profesor Adjunto interino dedicaci\u00f3n simple, DCAO, FCEN, UBA.<br>Vice Director del Centro de Investigaciones del Mar y la Atm\u00f3sfera, CONICET-UBA.<\/p>\n\n\n\n<p class=\"has-link-color wp-elements-33c95b9d26dfe0080aeb9c3393a662dd\"><strong>L\u00edneas de investigaci\u00f3n:<\/strong><br>Modelado hidro-sedimentol\u00f3gico del R\u00edo de la Plata: estudio de los procesos f\u00edsicos que determinan el transporte, la distribuci\u00f3n y la variabilidad de la concentraci\u00f3n de los sedimentos finos en suspensi\u00f3n en el R\u00edo de la Plata, su Frente Mar\u00edtimo y su exportaci\u00f3n hacia la Plataforma Continental.<br>Modelado y monitoreo de micropl\u00e1sticos en el R\u00edo de la Plata. Conocer la distribuci\u00f3n y concentraci\u00f3n de los micropl\u00e1sticos en el R\u00edo de la Plata, su variabilidad, el transporte y su exportaci\u00f3n hacia la Plataforma Continental. Comprender los principales forzantes que gobiernan su distribuci\u00f3n y variabilidad, as\u00ed como tambi\u00e9n el tipo y la forma que determinan su transporte.<br>Y de articulaci\u00f3n y vinculaci\u00f3n con la sociedad, proyecto \u201c<strong><a href=\"http:\/\/anticipandolacrecida.cima.fcen.uba.ar\/\" target=\"_blank\" rel=\"noreferrer noopener\">Anticipando la Crecida<\/a><\/strong>\u201d. El objetivo es la co-construcci\u00f3n del conocimiento junto con actores locales y de gesti\u00f3n gubernamental, para el fortalecimiento de un sistema de alerta temprana, y mejorar la toma de decisiones en relaci\u00f3n a eventos hidrometeorol\u00f3gicos extremos. <\/p>\n<\/details>\n<\/div>\n\n\n\n<div class=\"wp-block-column has-gradient-1-gradient-background has-background is-layout-flow wp-block-column-is-layout-flow\">\n<figure class=\"wp-block-image aligncenter size-medium is-resized\" style=\"margin-top:var(--wp--preset--spacing--10)\"><img loading=\"lazy\" decoding=\"async\" width=\"685\" height=\"829\" src=\"https:\/\/mcsambientalesuba.wordpress.com\/wp-content\/uploads\/2025\/08\/fotodiego.jpg?w=248\" alt=\"\" class=\"wp-image-640\" style=\"aspect-ratio:3\/4;object-fit:cover;width:200px\" \/><\/figure>\n\n\n\n<p class=\"has-text-align-center has-merriweather-font-family\"><strong>Dr. Diego Navarro<\/strong><br>Departamento de Qu\u00edmica Org\u00e1nica<\/p>\n\n\n\n<details class=\"wp-block-details has-merriweather-font-family is-layout-flow wp-block-details-is-layout-flow\"><summary>Biograf\u00eda<\/summary>\n<p class=\"has-merriweather-font-family has-text-align-justify\">Diego Navarro es investigador en el Centro de Investigaciones en Hidratos de Carbono y profesor en el Departamento de Qu\u00edmica Org\u00e1nica (FCEN-UBA). Se especializa en t\u00e9cnicas de an\u00e1lisis cuali- y cuantitativo de compuestos qu\u00edmicos org\u00e1nicos utilizando m\u00e9todos cromatogr\u00e1ficos y espectrosc\u00f3picos.<\/p>\n<\/details>\n<\/div>\n<\/div>\n<\/div>\n<\/div>\n\n\n\n<div class=\"wp-block-columns is-layout-flex wp-container-core-columns-is-layout-0806ab5c wp-block-columns-is-layout-flex\" style=\"margin-top:var(--wp--preset--spacing--30);margin-bottom:var(--wp--preset--spacing--30)\">\n<div class=\"wp-block-column is-layout-flow wp-block-column-is-layout-flow\" style=\"flex-basis:10%\"><\/div>\n\n\n\n<div class=\"wp-block-column is-layout-flow wp-block-column-is-layout-flow\">\n<h3 class=\"wp-block-heading has-text-align-center has-gradient-3-gradient-background has-background has-merriweather-font-family\" style=\"border-radius:25px\"><strong>Secretar\u00eda<\/strong><\/h3>\n\n\n\n<div class=\"wp-block-columns are-vertically-aligned-center is-layout-flex wp-container-core-columns-is-layout-28f84493 wp-block-columns-is-layout-flex\">\n<div class=\"wp-block-column is-vertically-aligned-center is-layout-flow wp-block-column-is-layout-flow\" style=\"flex-basis:33.34%\"><\/div>\n\n\n\n<div class=\"wp-block-column has-gradient-1-gradient-background has-background is-layout-flow wp-block-column-is-layout-flow\" style=\"border-radius:0px\">\n<figure class=\"wp-block-image aligncenter size-full is-resized\" style=\"margin-top:var(--wp--preset--spacing--10)\"><img decoding=\"async\" src=\"https:\/\/mcsambientalesuba.wordpress.com\/wp-content\/uploads\/2025\/08\/pexels-erickhortareyes-11742153-edited.jpg\" alt=\"\" class=\"wp-image-327\" style=\"aspect-ratio:0.75;object-fit:cover;width:200px;height:auto\" \/><\/figure>\n\n\n\n<p class=\"has-text-align-center has-merriweather-font-family\"><strong>Marina Assanelli<\/strong><br>Asistente Administrativo<\/p>\n<\/div>\n\n\n\n<div class=\"wp-block-column is-layout-flow wp-block-column-is-layout-flow\" style=\"flex-basis:33.33%\"><\/div>\n<\/div>\n<\/div>\n\n\n\n<div class=\"wp-block-column is-layout-flow wp-block-column-is-layout-flow\" style=\"flex-basis:10%\"><\/div>\n<\/div>\n\n\n\n<div class=\"wp-block-columns is-layout-flex wp-container-core-columns-is-layout-b422ef6f wp-block-columns-is-layout-flex\" style=\"margin-top:var(--wp--preset--spacing--10);margin-bottom:var(--wp--preset--spacing--30)\">\n<div class=\"wp-block-column is-layout-flow wp-block-column-is-layout-flow\" style=\"flex-basis:10%\"><\/div>\n\n\n\n<div class=\"wp-block-column is-layout-flow wp-block-column-is-layout-flow\" style=\"flex-basis:80%\">\n<p class=\"has-text-align-center has-merriweather-font-family has-large-font-size\">Secretar\u00eda de la Maestr\u00eda en Ciencias Ambientales<\/p>\n\n\n\n<p class=\"has-text-align-center has-merriweather-font-family has-x-large-font-size\" style=\"margin-bottom:var(--wp--preset--spacing--20)\"><strong>maestria@at.fcen.uba.ar<\/strong><\/p>\n<\/div>\n\n\n\n<div class=\"wp-block-column is-layout-flow wp-block-column-is-layout-flow\" style=\"flex-basis:10%\"><\/div>\n<\/div>\n\n\n\n<hr class=\"wp-block-separator has-alpha-channel-opacity\" \/>\n\n\n","protected":false},"excerpt":{"rendered":"<p>Directora Dra. Moira DoyleDepartamento de Ciencias de la Atm\u00f3sfera y los Oc\u00e9anos Vicedirectora Dra. Marisol OsmanDepartamento de Ciencias de la Atm\u00f3sfera y los Oc\u00e9anos Consejo Asesor Ciencias Biol\u00f3gicas Ciencias de la Tierra Ciencias Qu\u00edmicas Dr. Alejandro CittadinoDepartamento de Ecolog\u00eda Gen\u00e9tica y Evoluci\u00f3n Dra. Mar\u00eda Paula BunicontroDepartamento de Ciencias Geol\u00f3gicas Dra. Mar\u00eda Gabriela LagorioDepartamento de Qu\u00edmica [&hellip;]<\/p>\n","protected":false},"author":1,"featured_media":0,"parent":844,"menu_order":0,"comment_status":"closed","ping_status":"closed","template":"page-autoridades","meta":{"footnotes":""},"class_list":["post-304","page","type-page","status-publish","hentry"],"jetpack_sharing_enabled":true,"_links":{"self":[{"href":"http:\/\/ambientales.at.fcen.uba.ar\/index.php\/wp-json\/wp\/v2\/pages\/304","targetHints":{"allow":["GET"]}}],"collection":[{"href":"http:\/\/ambientales.at.fcen.uba.ar\/index.php\/wp-json\/wp\/v2\/pages"}],"about":[{"href":"http:\/\/ambientales.at.fcen.uba.ar\/index.php\/wp-json\/wp\/v2\/types\/page"}],"author":[{"embeddable":true,"href":"http:\/\/ambientales.at.fcen.uba.ar\/index.php\/wp-json\/wp\/v2\/users\/1"}],"replies":[{"embeddable":true,"href":"http:\/\/ambientales.at.fcen.uba.ar\/index.php\/wp-json\/wp\/v2\/comments?post=304"}],"version-history":[{"count":1,"href":"http:\/\/ambientales.at.fcen.uba.ar\/index.php\/wp-json\/wp\/v2\/pages\/304\/revisions"}],"predecessor-version":[{"id":919,"href":"http:\/\/ambientales.at.fcen.uba.ar\/index.php\/wp-json\/wp\/v2\/pages\/304\/revisions\/919"}],"up":[{"embeddable":true,"href":"http:\/\/ambientales.at.fcen.uba.ar\/index.php\/wp-json\/wp\/v2\/pages\/844"}],"wp:attachment":[{"href":"http:\/\/ambientales.at.fcen.uba.ar\/index.php\/wp-json\/wp\/v2\/media?parent=304"}],"curies":[{"name":"wp","href":"https:\/\/api.w.org\/{rel}","templated":true}]}}